{"id":1311,"date":"2019-09-30T08:04:02","date_gmt":"2019-09-30T08:04:02","guid":{"rendered":"https:\/\/margreetmarkerink.com\/?page_id=1311"},"modified":"2019-11-18T10:31:13","modified_gmt":"2019-11-18T10:31:13","slug":"bach-piazzolla","status":"publish","type":"page","link":"https:\/\/margreetmarkerink.com\/es\/bach-piazzolla\/","title":{"rendered":"Bach y Piazolla"},"content":{"rendered":"<h4>Aubrey Snell, saxofonista cl\u00e1sico y pianista de tango Margreet Markerink se han encontrado en un nuevo programa &#39;Bach &amp; Piazzolla&#39;.<\/h4>\n<p>A estos dos m\u00fasicos se les ha confiado el hecho de que ser\u00e1 una celebraci\u00f3n musical. Con sus actuaciones, Aubrey y Margreet ya han conquistado muchos escenarios en los Pa\u00edses Bajos e internacionalmente.<\/p>\n<div>\n<p><img data-recalc-dims=\"1\" loading=\"lazy\" decoding=\"async\" data-attachment-id=\"1212\" data-permalink=\"https:\/\/margreetmarkerink.com\/es\/optredens\/piazzolla-meets-bach\/attachment\/margreet-aubrey\/\" data-orig-file=\"https:\/\/i0.wp.com\/margreetmarkerink.com\/wp-content\/uploads\/2019\/05\/Margreet-Aubrey.jpg?fit=1024%2C795&amp;ssl=1\" data-orig-size=\"1024,795\" data-comments-opened=\"1\" data-image-meta=\"{&quot;aperture&quot;:&quot;0&quot;,&quot;credit&quot;:&quot;&quot;,&quot;camera&quot;:&quot;&quot;,&quot;caption&quot;:&quot;&quot;,&quot;created_timestamp&quot;:&quot;0&quot;,&quot;copyright&quot;:&quot;&quot;,&quot;focal_length&quot;:&quot;0&quot;,&quot;iso&quot;:&quot;0&quot;,&quot;shutter_speed&quot;:&quot;0&quot;,&quot;title&quot;:&quot;&quot;,&quot;orientation&quot;:&quot;0&quot;}\" data-image-title=\"Margreet &#038; Aubrey\" data-image-description=\"\" data-image-caption=\"\" data-large-file=\"https:\/\/i0.wp.com\/margreetmarkerink.com\/wp-content\/uploads\/2019\/05\/Margreet-Aubrey.jpg?fit=720%2C559&amp;ssl=1\" class=\"size-medium wp-image-1212 alignnone\" src=\"https:\/\/i0.wp.com\/margreetmarkerink.com\/wp-content\/uploads\/2019\/05\/Margreet-Aubrey.jpg?resize=300%2C233&#038;ssl=1\" alt=\"\" width=\"300\" height=\"233\" srcset=\"https:\/\/i0.wp.com\/margreetmarkerink.com\/wp-content\/uploads\/2019\/05\/Margreet-Aubrey.jpg?resize=300%2C233&amp;ssl=1 300w, https:\/\/i0.wp.com\/margreetmarkerink.com\/wp-content\/uploads\/2019\/05\/Margreet-Aubrey.jpg?resize=768%2C596&amp;ssl=1 768w, https:\/\/i0.wp.com\/margreetmarkerink.com\/wp-content\/uploads\/2019\/05\/Margreet-Aubrey.jpg?w=1024&amp;ssl=1 1024w, https:\/\/i0.wp.com\/margreetmarkerink.com\/wp-content\/uploads\/2019\/05\/Margreet-Aubrey.jpg?resize=640%2C497&amp;ssl=1 640w\" sizes=\"auto, (max-width: 300px) 100vw, 300px\" \/><\/p>\n<p><em>&amp; #8220; Un programa cl\u00e1sico de Tango en el que tocamos nuestras composiciones favoritas de Bach y Piazzolla. Debido a que Piazzolla fue influenciado por Bach, mostraremos lo que tiene de especial ambos compositores durante este concierto. El c\u00e1lido y ardiente tango &amp; #8217; s con la conmovedora y brillante m\u00fasica barroca de Bach. &amp; #8221;<\/em><\/p>\n<h5>En resumen, una velada llena de pasi\u00f3n y belleza.<\/h5>\n<p>\u00bfQuieres saber cu\u00e1ndo tocamos este espect\u00e1culo? <a href=\"https:\/\/margreetmarkerink.com\/es\/optredens\/\">haga clic aqu\u00ed<\/a>.<\/p>\n<p>&nbsp;<\/p>\n<\/div>","protected":false},"excerpt":{"rendered":"<p>Aubrey Snell, klassiek saxofoniste en Margreet Markerink tango pianiste hebben elkaar gevonden in een nieuw programma \u2018Bach &amp; Piazzolla\u2019. Dat het een muzikaal feest wordt is aan deze twee rasmuzikanten wel toevertrouwd. Aubrey en Margreet hebben met hun optredens al vele podia van Nederland en ook internationaal veroverd. &#8220;Een klassiek Tango programma waarin we onze [&hellip;]<\/p>","protected":false},"author":3,"featured_media":0,"parent":0,"menu_order":0,"comment_status":"closed","ping_status":"closed","template":"","meta":{"jetpack_post_was_ever_published":false,"footnotes":""},"class_list":["post-1311","page","type-page","status-publish","hentry"],"yoast_head":"<!-- This site is optimized with the Yoast SEO plugin v27.3 - https:\/\/yoast.com\/product\/yoast-seo-wordpress\/ -->\n<title>Bach &amp; Piazzolla - Margreet Markerink<\/title>\n<meta name=\"description\" content=\"Aubrey Snell, klassiek saxofoniste en Margreet Markerink tango pianiste hebben elkaar gevonden in een nieuw programma \u2018Bach &amp; Piazzolla\u2019.\" \/>\n<meta name=\"robots\" content=\"index, follow, max-snippet:-1, max-image-preview:large, max-video-preview:-1\" \/>\n<link rel=\"canonical\" href=\"https:\/\/margreetmarkerink.com\/nl\/bach-piazzolla\/\" \/>\n<meta property=\"og:locale\" content=\"nl_NL\" \/>\n<meta property=\"og:type\" content=\"article\" \/>\n<meta property=\"og:title\" content=\"Bach &amp; Piazzolla - Margreet Markerink\" \/>\n<meta property=\"og:description\" content=\"Aubrey Snell, klassiek saxofoniste en Margreet Markerink tango pianiste hebben elkaar gevonden in een nieuw programma \u2018Bach &amp; Piazzolla\u2019.\" \/>\n<meta property=\"og:url\" content=\"https:\/\/margreetmarkerink.com\/nl\/bach-piazzolla\/\" \/>\n<meta property=\"og:site_name\" content=\"Margreet Markerink\" \/>\n<meta property=\"article:modified_time\" content=\"2019-11-18T10:31:13+00:00\" \/>\n<meta property=\"og:image\" content=\"https:\/\/margreetmarkerink.com\/wp-content\/uploads\/2019\/05\/Margreet-Aubrey-300x233.jpg\" \/>\n<meta name=\"twitter:card\" content=\"summary_large_image\" \/>\n<meta name=\"twitter:label1\" content=\"Geschatte leestijd\" \/>\n\t<meta name=\"twitter:data1\" content=\"1 minuut\" \/>\n<script type=\"application\/ld+json\" class=\"yoast-schema-graph\">{\"@context\":\"https:\\\/\\\/schema.org\",\"@graph\":[{\"@type\":\"WebPage\",\"@id\":\"https:\\\/\\\/margreetmarkerink.com\\\/nl\\\/bach-piazzolla\\\/\",\"url\":\"https:\\\/\\\/margreetmarkerink.com\\\/nl\\\/bach-piazzolla\\\/\",\"name\":\"Bach & Piazzolla - Margreet Markerink\",\"isPartOf\":{\"@id\":\"https:\\\/\\\/margreetmarkerink.com\\\/nl\\\/#website\"},\"primaryImageOfPage\":{\"@id\":\"https:\\\/\\\/margreetmarkerink.com\\\/nl\\\/bach-piazzolla\\\/#primaryimage\"},\"image\":{\"@id\":\"https:\\\/\\\/margreetmarkerink.com\\\/nl\\\/bach-piazzolla\\\/#primaryimage\"},\"thumbnailUrl\":\"https:\\\/\\\/margreetmarkerink.com\\\/wp-content\\\/uploads\\\/2019\\\/05\\\/Margreet-Aubrey-300x233.jpg\",\"datePublished\":\"2019-09-30T08:04:02+00:00\",\"dateModified\":\"2019-11-18T10:31:13+00:00\",\"description\":\"Aubrey Snell, klassiek saxofoniste en Margreet Markerink tango pianiste hebben elkaar gevonden in een nieuw programma \u2018Bach & Piazzolla\u2019.\",\"breadcrumb\":{\"@id\":\"https:\\\/\\\/margreetmarkerink.com\\\/nl\\\/bach-piazzolla\\\/#breadcrumb\"},\"inLanguage\":\"nl-NL\",\"potentialAction\":[{\"@type\":\"ReadAction\",\"target\":[\"https:\\\/\\\/margreetmarkerink.com\\\/nl\\\/bach-piazzolla\\\/\"]}]},{\"@type\":\"ImageObject\",\"inLanguage\":\"nl-NL\",\"@id\":\"https:\\\/\\\/margreetmarkerink.com\\\/nl\\\/bach-piazzolla\\\/#primaryimage\",\"url\":\"https:\\\/\\\/margreetmarkerink.com\\\/wp-content\\\/uploads\\\/2019\\\/05\\\/Margreet-Aubrey-300x233.jpg\",\"contentUrl\":\"https:\\\/\\\/margreetmarkerink.com\\\/wp-content\\\/uploads\\\/2019\\\/05\\\/Margreet-Aubrey-300x233.jpg\"},{\"@type\":\"BreadcrumbList\",\"@id\":\"https:\\\/\\\/margreetmarkerink.com\\\/nl\\\/bach-piazzolla\\\/#breadcrumb\",\"itemListElement\":[{\"@type\":\"ListItem\",\"position\":1,\"name\":\"Home\",\"item\":\"https:\\\/\\\/margreetmarkerink.com\\\/\"},{\"@type\":\"ListItem\",\"position\":2,\"name\":\"Bach &#038; Piazzolla\"}]},{\"@type\":\"WebSite\",\"@id\":\"https:\\\/\\\/margreetmarkerink.com\\\/nl\\\/#website\",\"url\":\"https:\\\/\\\/margreetmarkerink.com\\\/nl\\\/\",\"name\":\"Margreet Markerink\",\"description\":\"piano composition\",\"potentialAction\":[{\"@type\":\"SearchAction\",\"target\":{\"@type\":\"EntryPoint\",\"urlTemplate\":\"https:\\\/\\\/margreetmarkerink.com\\\/nl\\\/?s={search_term_string}\"},\"query-input\":{\"@type\":\"PropertyValueSpecification\",\"valueRequired\":true,\"valueName\":\"search_term_string\"}}],\"inLanguage\":\"nl-NL\"}]}<\/script>\n<!-- \/ Yoast SEO plugin. -->","yoast_head_json":{"title":"Bach & Piazzolla - Margreet Markerink","description":"Aubrey Snell, klassiek saxofoniste en Margreet Markerink tango pianiste hebben elkaar gevonden in een nieuw programma \u2018Bach & Piazzolla\u2019.","robots":{"index":"index","follow":"follow","max-snippet":"max-snippet:-1","max-image-preview":"max-image-preview:large","max-video-preview":"max-video-preview:-1"},"canonical":"https:\/\/margreetmarkerink.com\/nl\/bach-piazzolla\/","og_locale":"nl_NL","og_type":"article","og_title":"Bach & Piazzolla - Margreet Markerink","og_description":"Aubrey Snell, klassiek saxofoniste en Margreet Markerink tango pianiste hebben elkaar gevonden in een nieuw programma \u2018Bach & Piazzolla\u2019.","og_url":"https:\/\/margreetmarkerink.com\/nl\/bach-piazzolla\/","og_site_name":"Margreet Markerink","article_modified_time":"2019-11-18T10:31:13+00:00","og_image":[{"url":"https:\/\/margreetmarkerink.com\/wp-content\/uploads\/2019\/05\/Margreet-Aubrey-300x233.jpg","type":"","width":"","height":""}],"twitter_card":"summary_large_image","twitter_misc":{"Geschatte leestijd":"1 minuut"},"schema":{"@context":"https:\/\/schema.org","@graph":[{"@type":"WebPage","@id":"https:\/\/margreetmarkerink.com\/nl\/bach-piazzolla\/","url":"https:\/\/margreetmarkerink.com\/nl\/bach-piazzolla\/","name":"Bach & Piazzolla - Margreet Markerink","isPartOf":{"@id":"https:\/\/margreetmarkerink.com\/nl\/#website"},"primaryImageOfPage":{"@id":"https:\/\/margreetmarkerink.com\/nl\/bach-piazzolla\/#primaryimage"},"image":{"@id":"https:\/\/margreetmarkerink.com\/nl\/bach-piazzolla\/#primaryimage"},"thumbnailUrl":"https:\/\/margreetmarkerink.com\/wp-content\/uploads\/2019\/05\/Margreet-Aubrey-300x233.jpg","datePublished":"2019-09-30T08:04:02+00:00","dateModified":"2019-11-18T10:31:13+00:00","description":"Aubrey Snell, klassiek saxofoniste en Margreet Markerink tango pianiste hebben elkaar gevonden in een nieuw programma \u2018Bach & Piazzolla\u2019.","breadcrumb":{"@id":"https:\/\/margreetmarkerink.com\/nl\/bach-piazzolla\/#breadcrumb"},"inLanguage":"nl-NL","potentialAction":[{"@type":"ReadAction","target":["https:\/\/margreetmarkerink.com\/nl\/bach-piazzolla\/"]}]},{"@type":"ImageObject","inLanguage":"nl-NL","@id":"https:\/\/margreetmarkerink.com\/nl\/bach-piazzolla\/#primaryimage","url":"https:\/\/margreetmarkerink.com\/wp-content\/uploads\/2019\/05\/Margreet-Aubrey-300x233.jpg","contentUrl":"https:\/\/margreetmarkerink.com\/wp-content\/uploads\/2019\/05\/Margreet-Aubrey-300x233.jpg"},{"@type":"BreadcrumbList","@id":"https:\/\/margreetmarkerink.com\/nl\/bach-piazzolla\/#breadcrumb","itemListElement":[{"@type":"ListItem","position":1,"name":"Home","item":"https:\/\/margreetmarkerink.com\/"},{"@type":"ListItem","position":2,"name":"Bach &#038; Piazzolla"}]},{"@type":"WebSite","@id":"https:\/\/margreetmarkerink.com\/nl\/#website","url":"https:\/\/margreetmarkerink.com\/nl\/","name":"Margreet Markerink","description":"piano composition","potentialAction":[{"@type":"SearchAction","target":{"@type":"EntryPoint","urlTemplate":"https:\/\/margreetmarkerink.com\/nl\/?s={search_term_string}"},"query-input":{"@type":"PropertyValueSpecification","valueRequired":true,"valueName":"search_term_string"}}],"inLanguage":"nl-NL"}]}},"jetpack_sharing_enabled":true,"jetpack_shortlink":"https:\/\/wp.me\/P7CBUG-l9","jetpack-related-posts":[],"_links":{"self":[{"href":"https:\/\/margreetmarkerink.com\/es\/wp-json\/wp\/v2\/pages\/1311","targetHints":{"allow":["GET"]}}],"collection":[{"href":"https:\/\/margreetmarkerink.com\/es\/wp-json\/wp\/v2\/pages"}],"about":[{"href":"https:\/\/margreetmarkerink.com\/es\/wp-json\/wp\/v2\/types\/page"}],"author":[{"embeddable":true,"href":"https:\/\/margreetmarkerink.com\/es\/wp-json\/wp\/v2\/users\/3"}],"replies":[{"embeddable":true,"href":"https:\/\/margreetmarkerink.com\/es\/wp-json\/wp\/v2\/comments?post=1311"}],"version-history":[{"count":7,"href":"https:\/\/margreetmarkerink.com\/es\/wp-json\/wp\/v2\/pages\/1311\/revisions"}],"predecessor-version":[{"id":1429,"href":"https:\/\/margreetmarkerink.com\/es\/wp-json\/wp\/v2\/pages\/1311\/revisions\/1429"}],"wp:attachment":[{"href":"https:\/\/margreetmarkerink.com\/es\/wp-json\/wp\/v2\/media?parent=1311"}],"curies":[{"name":"wp","href":"https:\/\/api.w.org\/{rel}","templated":true}]}}