{"id":1405,"date":"2019-11-13T21:48:06","date_gmt":"2019-11-13T21:48:06","guid":{"rendered":"https:\/\/margreetmarkerink.com\/?page_id=1405"},"modified":"2019-12-05T09:13:32","modified_gmt":"2019-12-05T09:13:32","slug":"de-vier-jaargetijden","status":"publish","type":"page","link":"https:\/\/margreetmarkerink.com\/es\/de-vier-jaargetijden\/","title":{"rendered":"Las Cuatro Estaciones"},"content":{"rendered":"<p>El Ensemble the Four Seasons interpreta a &quot;Four Seasons&quot; de Vivaldi &amp; #8217; y Piazzolla &amp; #8217; s.<br \/>\nSin duda, se llegar\u00e1 a la conclusi\u00f3n de que a pesar de los diferentes antecedentes y estilo de los compositores, todav\u00eda tienen mucho en com\u00fan en t\u00e9rminos de composici\u00f3n.<br \/>\nEl conjunto consta de cinco cuerdas, bandone\u00f3n y piano \/ clavec\u00edn. Los m\u00fasicos se han ganado su est\u00edmulo en la m\u00fasica cl\u00e1sica y el teatro. Est\u00e1n especializados en t\u00e9cnicas especiales y estilos de interpretaci\u00f3n del tango argentino.<br \/>\nAntes del descanso, recibir\u00e1s &#39;Quattro Stagioni&#39; de Vivaldi &amp; #8217 y despu\u00e9s del descanso &#39;Cuatro Estaciones Porte\u00f1as&#39; de Piazzolla &amp; #8217;<\/p>\n<p><img data-recalc-dims=\"1\" loading=\"lazy\" decoding=\"async\" data-attachment-id=\"982\" data-permalink=\"https:\/\/margreetmarkerink.com\/es\/optredens\/de-vier-jaargetijden-van-vivaldi-en-piazolla\/attachment\/181018_vier_jaargetijden_2\/\" data-orig-file=\"https:\/\/i0.wp.com\/margreetmarkerink.com\/wp-content\/uploads\/2018\/10\/181018_vier_jaargetijden_2.jpg?fit=1415%2C546&amp;ssl=1\" data-orig-size=\"1415,546\" data-comments-opened=\"1\" data-image-meta=\"{&quot;aperture&quot;:&quot;0&quot;,&quot;credit&quot;:&quot;&quot;,&quot;camera&quot;:&quot;&quot;,&quot;caption&quot;:&quot;&quot;,&quot;created_timestamp&quot;:&quot;0&quot;,&quot;copyright&quot;:&quot;&quot;,&quot;focal_length&quot;:&quot;0&quot;,&quot;iso&quot;:&quot;0&quot;,&quot;shutter_speed&quot;:&quot;0&quot;,&quot;title&quot;:&quot;&quot;,&quot;orientation&quot;:&quot;0&quot;}\" data-image-title=\"181018_vier_jaargetijden_2\" data-image-description=\"\" data-image-caption=\"\" data-large-file=\"https:\/\/i0.wp.com\/margreetmarkerink.com\/wp-content\/uploads\/2018\/10\/181018_vier_jaargetijden_2.jpg?fit=720%2C278&amp;ssl=1\" class=\"alignnone wp-image-982 size-gg_gallery_thumbnail\" src=\"https:\/\/i0.wp.com\/margreetmarkerink.com\/wp-content\/uploads\/2018\/10\/181018_vier_jaargetijden_2.jpg?resize=450%2C250&#038;ssl=1\" alt=\"\" width=\"450\" height=\"250\" srcset=\"https:\/\/i0.wp.com\/margreetmarkerink.com\/wp-content\/uploads\/2018\/10\/181018_vier_jaargetijden_2.jpg?resize=450%2C250&amp;ssl=1 450w, https:\/\/i0.wp.com\/margreetmarkerink.com\/wp-content\/uploads\/2018\/10\/181018_vier_jaargetijden_2.jpg?zoom=2&amp;resize=450%2C250&amp;ssl=1 900w, https:\/\/i0.wp.com\/margreetmarkerink.com\/wp-content\/uploads\/2018\/10\/181018_vier_jaargetijden_2.jpg?zoom=3&amp;resize=450%2C250&amp;ssl=1 1350w\" sizes=\"auto, (max-width: 450px) 100vw, 450px\" \/><\/p>\n<p><strong>The Four Seasons consta de (sujeto a cambios):<\/strong><br \/>\nChristiaan van Hemert viol\u00edn \/ bandone\u00f3n \/ direcci\u00f3n art\u00edstica<br \/>\nDerk Lottman violin<br \/>\nPiano Margreet Markerink (+ clavec\u00edn)<br \/>\nAndrea Bentivoglio viol\u00edn<br \/>\nBerdien Vrijland viola<br \/>\nViolonchelo Nitzan Laster<br \/>\nDani\u00ebl Lehmann contrabajo<\/p>\n<p><iframe loading=\"lazy\"  id=\"_ytid_62595\"  width=\"720\" height=\"405\"  data-origwidth=\"720\" data-origheight=\"405\" src=\"https:\/\/www.youtube.com\/embed\/5993Qob9itI?enablejsapi=1&#038;origin=https:\/\/margreetmarkerink.com&#038;autoplay=0&#038;cc_load_policy=0&#038;cc_lang_pref=&#038;iv_load_policy=1&#038;loop=0&#038;rel=0&#038;fs=1&#038;playsinline=0&#038;autohide=1&#038;theme=light&#038;color=red&#038;controls=0&#038;disablekb=0&#038;\" class=\"__youtube_prefs__  epyt-is-override  no-lazyload\" title=\"Reproductor de YouTube\"  allow=\"fullscreen; accelerometer; autoplay; clipboard-write; encrypted-media; gyroscope; picture-in-picture; web-share\" referrerpolicy=\"strict-origin-when-cross-origin\" allowfullscreen data-no-lazy=\"1\" data-skipgform_ajax_framebjll=\"\"><\/iframe><\/p>\n<figure class=\"wp-block-embed wp-block-embed-youtube is-type-video is-provider-youtube epyt-figure\"><div class=\"wp-block-embed__wrapper\"><iframe loading=\"lazy\"  id=\"_ytid_14625\"  width=\"720\" height=\"405\"  data-origwidth=\"720\" data-origheight=\"405\" src=\"https:\/\/www.youtube.com\/embed\/fLn1I25yKTg?enablejsapi=1&origin=https:\/\/margreetmarkerink.com&autoplay=0&cc_load_policy=0&cc_lang_pref=&iv_load_policy=1&loop=0&rel=0&fs=1&playsinline=0&autohide=1&theme=light&color=red&controls=0&disablekb=0&\" class=\"__youtube_prefs__  no-lazyload\" title=\"Reproductor de YouTube\"  allow=\"fullscreen; accelerometer; autoplay; clipboard-write; encrypted-media; gyroscope; picture-in-picture; web-share\" referrerpolicy=\"strict-origin-when-cross-origin\" allowfullscreen data-no-lazy=\"1\" data-skipgform_ajax_framebjll=\"\"><\/iframe><\/div><\/figure>\n<p>&nbsp;<\/p>","protected":false},"excerpt":{"rendered":"<p>Het Ensemble the Four Seasons speelt zowel Vivaldi&#8217;s als Piazzolla&#8217;s \u201cVier Jaargetijden\u201d. Men zal ongetwijfeld tot de ontdekking komen dat ondanks de verschillende achtergrond en stijl van de componisten ze toch compositorisch veel met elkaar gemeen hebben. Het ensemble bestaat uit vijf strijkers, bandoneon en piano\/klavecimbel. De musici hebben hun sporen verdiend in de klassieke [&hellip;]<\/p>","protected":false},"author":3,"featured_media":0,"parent":0,"menu_order":0,"comment_status":"closed","ping_status":"closed","template":"","meta":{"jetpack_post_was_ever_published":false,"footnotes":""},"class_list":["post-1405","page","type-page","status-publish","hentry"],"yoast_head":"<!-- This site is optimized with the Yoast SEO plugin v27.4 - https:\/\/yoast.com\/product\/yoast-seo-wordpress\/ -->\n<title>De Vier Jaargetijden - Margreet Markerink<\/title>\n<meta name=\"robots\" content=\"index, follow, max-snippet:-1, max-image-preview:large, max-video-preview:-1\" \/>\n<link rel=\"canonical\" href=\"https:\/\/margreetmarkerink.com\/nl\/de-vier-jaargetijden\/\" \/>\n<meta property=\"og:locale\" content=\"nl_NL\" \/>\n<meta property=\"og:type\" content=\"article\" \/>\n<meta property=\"og:title\" content=\"De Vier Jaargetijden - Margreet Markerink\" \/>\n<meta property=\"og:description\" content=\"Het Ensemble the Four Seasons speelt zowel Vivaldi&#8217;s als Piazzolla&#8217;s \u201cVier Jaargetijden\u201d. Men zal ongetwijfeld tot de ontdekking komen dat ondanks de verschillende achtergrond en stijl van de componisten ze toch compositorisch veel met elkaar gemeen hebben. Het ensemble bestaat uit vijf strijkers, bandoneon en piano\/klavecimbel. De musici hebben hun sporen verdiend in de klassieke [&hellip;]\" \/>\n<meta property=\"og:url\" content=\"https:\/\/margreetmarkerink.com\/nl\/de-vier-jaargetijden\/\" \/>\n<meta property=\"og:site_name\" content=\"Margreet Markerink\" \/>\n<meta property=\"article:modified_time\" content=\"2019-12-05T09:13:32+00:00\" \/>\n<meta property=\"og:image\" content=\"https:\/\/margreetmarkerink.com\/wp-content\/uploads\/2018\/10\/181018_vier_jaargetijden_2-450x250.jpg\" \/>\n<meta name=\"twitter:card\" content=\"summary_large_image\" \/>\n<meta name=\"twitter:label1\" content=\"Geschatte leestijd\" \/>\n\t<meta name=\"twitter:data1\" content=\"1 minuut\" \/>\n<script type=\"application\/ld+json\" class=\"yoast-schema-graph\">{\"@context\":\"https:\\\/\\\/schema.org\",\"@graph\":[{\"@type\":\"WebPage\",\"@id\":\"https:\\\/\\\/margreetmarkerink.com\\\/nl\\\/de-vier-jaargetijden\\\/\",\"url\":\"https:\\\/\\\/margreetmarkerink.com\\\/nl\\\/de-vier-jaargetijden\\\/\",\"name\":\"De Vier Jaargetijden - Margreet Markerink\",\"isPartOf\":{\"@id\":\"https:\\\/\\\/margreetmarkerink.com\\\/nl\\\/#website\"},\"primaryImageOfPage\":{\"@id\":\"https:\\\/\\\/margreetmarkerink.com\\\/nl\\\/de-vier-jaargetijden\\\/#primaryimage\"},\"image\":{\"@id\":\"https:\\\/\\\/margreetmarkerink.com\\\/nl\\\/de-vier-jaargetijden\\\/#primaryimage\"},\"thumbnailUrl\":\"https:\\\/\\\/margreetmarkerink.com\\\/wp-content\\\/uploads\\\/2018\\\/10\\\/181018_vier_jaargetijden_2-450x250.jpg\",\"datePublished\":\"2019-11-13T21:48:06+00:00\",\"dateModified\":\"2019-12-05T09:13:32+00:00\",\"breadcrumb\":{\"@id\":\"https:\\\/\\\/margreetmarkerink.com\\\/nl\\\/de-vier-jaargetijden\\\/#breadcrumb\"},\"inLanguage\":\"nl-NL\",\"potentialAction\":[{\"@type\":\"ReadAction\",\"target\":[\"https:\\\/\\\/margreetmarkerink.com\\\/nl\\\/de-vier-jaargetijden\\\/\"]}]},{\"@type\":\"ImageObject\",\"inLanguage\":\"nl-NL\",\"@id\":\"https:\\\/\\\/margreetmarkerink.com\\\/nl\\\/de-vier-jaargetijden\\\/#primaryimage\",\"url\":\"https:\\\/\\\/margreetmarkerink.com\\\/wp-content\\\/uploads\\\/2018\\\/10\\\/181018_vier_jaargetijden_2-450x250.jpg\",\"contentUrl\":\"https:\\\/\\\/margreetmarkerink.com\\\/wp-content\\\/uploads\\\/2018\\\/10\\\/181018_vier_jaargetijden_2-450x250.jpg\"},{\"@type\":\"BreadcrumbList\",\"@id\":\"https:\\\/\\\/margreetmarkerink.com\\\/nl\\\/de-vier-jaargetijden\\\/#breadcrumb\",\"itemListElement\":[{\"@type\":\"ListItem\",\"position\":1,\"name\":\"Home\",\"item\":\"https:\\\/\\\/margreetmarkerink.com\\\/\"},{\"@type\":\"ListItem\",\"position\":2,\"name\":\"De Vier Jaargetijden\"}]},{\"@type\":\"WebSite\",\"@id\":\"https:\\\/\\\/margreetmarkerink.com\\\/nl\\\/#website\",\"url\":\"https:\\\/\\\/margreetmarkerink.com\\\/nl\\\/\",\"name\":\"Margreet Markerink\",\"description\":\"piano composition\",\"potentialAction\":[{\"@type\":\"SearchAction\",\"target\":{\"@type\":\"EntryPoint\",\"urlTemplate\":\"https:\\\/\\\/margreetmarkerink.com\\\/nl\\\/?s={search_term_string}\"},\"query-input\":{\"@type\":\"PropertyValueSpecification\",\"valueRequired\":true,\"valueName\":\"search_term_string\"}}],\"inLanguage\":\"nl-NL\"}]}<\/script>\n<!-- \/ Yoast SEO plugin. -->","yoast_head_json":{"title":"De Vier Jaargetijden - Margreet Markerink","robots":{"index":"index","follow":"follow","max-snippet":"max-snippet:-1","max-image-preview":"max-image-preview:large","max-video-preview":"max-video-preview:-1"},"canonical":"https:\/\/margreetmarkerink.com\/nl\/de-vier-jaargetijden\/","og_locale":"nl_NL","og_type":"article","og_title":"De Vier Jaargetijden - Margreet Markerink","og_description":"Het Ensemble the Four Seasons speelt zowel Vivaldi&#8217;s als Piazzolla&#8217;s \u201cVier Jaargetijden\u201d. Men zal ongetwijfeld tot de ontdekking komen dat ondanks de verschillende achtergrond en stijl van de componisten ze toch compositorisch veel met elkaar gemeen hebben. Het ensemble bestaat uit vijf strijkers, bandoneon en piano\/klavecimbel. De musici hebben hun sporen verdiend in de klassieke [&hellip;]","og_url":"https:\/\/margreetmarkerink.com\/nl\/de-vier-jaargetijden\/","og_site_name":"Margreet Markerink","article_modified_time":"2019-12-05T09:13:32+00:00","og_image":[{"url":"https:\/\/margreetmarkerink.com\/wp-content\/uploads\/2018\/10\/181018_vier_jaargetijden_2-450x250.jpg","type":"","width":"","height":""}],"twitter_card":"summary_large_image","twitter_misc":{"Geschatte leestijd":"1 minuut"},"schema":{"@context":"https:\/\/schema.org","@graph":[{"@type":"WebPage","@id":"https:\/\/margreetmarkerink.com\/nl\/de-vier-jaargetijden\/","url":"https:\/\/margreetmarkerink.com\/nl\/de-vier-jaargetijden\/","name":"De Vier Jaargetijden - Margreet Markerink","isPartOf":{"@id":"https:\/\/margreetmarkerink.com\/nl\/#website"},"primaryImageOfPage":{"@id":"https:\/\/margreetmarkerink.com\/nl\/de-vier-jaargetijden\/#primaryimage"},"image":{"@id":"https:\/\/margreetmarkerink.com\/nl\/de-vier-jaargetijden\/#primaryimage"},"thumbnailUrl":"https:\/\/margreetmarkerink.com\/wp-content\/uploads\/2018\/10\/181018_vier_jaargetijden_2-450x250.jpg","datePublished":"2019-11-13T21:48:06+00:00","dateModified":"2019-12-05T09:13:32+00:00","breadcrumb":{"@id":"https:\/\/margreetmarkerink.com\/nl\/de-vier-jaargetijden\/#breadcrumb"},"inLanguage":"nl-NL","potentialAction":[{"@type":"ReadAction","target":["https:\/\/margreetmarkerink.com\/nl\/de-vier-jaargetijden\/"]}]},{"@type":"ImageObject","inLanguage":"nl-NL","@id":"https:\/\/margreetmarkerink.com\/nl\/de-vier-jaargetijden\/#primaryimage","url":"https:\/\/margreetmarkerink.com\/wp-content\/uploads\/2018\/10\/181018_vier_jaargetijden_2-450x250.jpg","contentUrl":"https:\/\/margreetmarkerink.com\/wp-content\/uploads\/2018\/10\/181018_vier_jaargetijden_2-450x250.jpg"},{"@type":"BreadcrumbList","@id":"https:\/\/margreetmarkerink.com\/nl\/de-vier-jaargetijden\/#breadcrumb","itemListElement":[{"@type":"ListItem","position":1,"name":"Home","item":"https:\/\/margreetmarkerink.com\/"},{"@type":"ListItem","position":2,"name":"De Vier Jaargetijden"}]},{"@type":"WebSite","@id":"https:\/\/margreetmarkerink.com\/nl\/#website","url":"https:\/\/margreetmarkerink.com\/nl\/","name":"Margreet Markerink","description":"piano composition","potentialAction":[{"@type":"SearchAction","target":{"@type":"EntryPoint","urlTemplate":"https:\/\/margreetmarkerink.com\/nl\/?s={search_term_string}"},"query-input":{"@type":"PropertyValueSpecification","valueRequired":true,"valueName":"search_term_string"}}],"inLanguage":"nl-NL"}]}},"jetpack_sharing_enabled":true,"jetpack_shortlink":"https:\/\/wp.me\/P7CBUG-mF","jetpack-related-posts":[],"_links":{"self":[{"href":"https:\/\/margreetmarkerink.com\/es\/wp-json\/wp\/v2\/pages\/1405","targetHints":{"allow":["GET"]}}],"collection":[{"href":"https:\/\/margreetmarkerink.com\/es\/wp-json\/wp\/v2\/pages"}],"about":[{"href":"https:\/\/margreetmarkerink.com\/es\/wp-json\/wp\/v2\/types\/page"}],"author":[{"embeddable":true,"href":"https:\/\/margreetmarkerink.com\/es\/wp-json\/wp\/v2\/users\/3"}],"replies":[{"embeddable":true,"href":"https:\/\/margreetmarkerink.com\/es\/wp-json\/wp\/v2\/comments?post=1405"}],"version-history":[{"count":6,"href":"https:\/\/margreetmarkerink.com\/es\/wp-json\/wp\/v2\/pages\/1405\/revisions"}],"predecessor-version":[{"id":1438,"href":"https:\/\/margreetmarkerink.com\/es\/wp-json\/wp\/v2\/pages\/1405\/revisions\/1438"}],"wp:attachment":[{"href":"https:\/\/margreetmarkerink.com\/es\/wp-json\/wp\/v2\/media?parent=1405"}],"curies":[{"name":"wp","href":"https:\/\/api.w.org\/{rel}","templated":true}]}}