{"id":842,"date":"2018-05-17T16:32:26","date_gmt":"2018-05-17T16:32:26","guid":{"rendered":"https:\/\/margreetmarkerink.com\/?page_id=842"},"modified":"2019-11-28T14:25:20","modified_gmt":"2019-11-28T14:25:20","slug":"de-moed-om-te-vertrekken","status":"publish","type":"page","link":"https:\/\/margreetmarkerink.com\/es\/de-moed-om-te-vertrekken\/","title":{"rendered":"De Moed om te Vertrekken (El coraje de irse)"},"content":{"rendered":"<h5><strong>EL VALOR PARA DEJARSE<br \/>\n<\/strong><em>Ardiente, apasionado y con humor.<\/em><\/h5>\n<p><img data-recalc-dims=\"1\" loading=\"lazy\" decoding=\"async\" data-attachment-id=\"1352\" data-permalink=\"https:\/\/margreetmarkerink.com\/es\/de-moed-om-te-vertrekken\/kees-margreet-en-emmy\/\" data-orig-file=\"https:\/\/i0.wp.com\/margreetmarkerink.com\/wp-content\/uploads\/2019\/10\/Kees-Margreet-en-Emmy.jpg?fit=3508%2C2479&amp;ssl=1\" data-orig-size=\"3508,2479\" data-comments-opened=\"1\" data-image-meta=\"{&quot;aperture&quot;:&quot;0&quot;,&quot;credit&quot;:&quot;&quot;,&quot;camera&quot;:&quot;&quot;,&quot;caption&quot;:&quot;&quot;,&quot;created_timestamp&quot;:&quot;0&quot;,&quot;copyright&quot;:&quot;&quot;,&quot;focal_length&quot;:&quot;0&quot;,&quot;iso&quot;:&quot;0&quot;,&quot;shutter_speed&quot;:&quot;0&quot;,&quot;title&quot;:&quot;&quot;,&quot;orientation&quot;:&quot;0&quot;}\" data-image-title=\"Kees, Margreet en Emmy\" data-image-description=\"\" data-image-caption=\"\" data-medium-file=\"https:\/\/i0.wp.com\/margreetmarkerink.com\/wp-content\/uploads\/2019\/10\/Kees-Margreet-en-Emmy.jpg?fit=300%2C212&amp;ssl=1\" data-large-file=\"https:\/\/i0.wp.com\/margreetmarkerink.com\/wp-content\/uploads\/2019\/10\/Kees-Margreet-en-Emmy.jpg?fit=720%2C509&amp;ssl=1\" class=\"size-medium wp-image-1352 aligncenter\" src=\"https:\/\/i0.wp.com\/margreetmarkerink.com\/wp-content\/uploads\/2019\/10\/Kees-Margreet-en-Emmy-300x212.jpg?resize=300%2C212&#038;ssl=1\" alt=\"\" width=\"300\" height=\"212\" srcset=\"https:\/\/i0.wp.com\/margreetmarkerink.com\/wp-content\/uploads\/2019\/10\/Kees-Margreet-en-Emmy.jpg?resize=300%2C212&amp;ssl=1 300w, https:\/\/i0.wp.com\/margreetmarkerink.com\/wp-content\/uploads\/2019\/10\/Kees-Margreet-en-Emmy.jpg?resize=768%2C543&amp;ssl=1 768w, https:\/\/i0.wp.com\/margreetmarkerink.com\/wp-content\/uploads\/2019\/10\/Kees-Margreet-en-Emmy.jpg?resize=1024%2C724&amp;ssl=1 1024w, https:\/\/i0.wp.com\/margreetmarkerink.com\/wp-content\/uploads\/2019\/10\/Kees-Margreet-en-Emmy.jpg?resize=640%2C452&amp;ssl=1 640w, https:\/\/i0.wp.com\/margreetmarkerink.com\/wp-content\/uploads\/2019\/10\/Kees-Margreet-en-Emmy.jpg?w=1440&amp;ssl=1 1440w, https:\/\/i0.wp.com\/margreetmarkerink.com\/wp-content\/uploads\/2019\/10\/Kees-Margreet-en-Emmy.jpg?w=2160&amp;ssl=1 2160w\" sizes=\"auto, (max-width: 300px) 100vw, 300px\" \/><\/p>\n<p>Hace m\u00e1s de cien a\u00f1os, millones de europeos buscaron refugio en las orillas del R\u00edo de la Plata. La confrontaci\u00f3n con la poblaci\u00f3n y la cultura presente produjo una nueva forma de m\u00fasica y baile: el Tango.<\/p>\n<p class=\"jetpack-slideshow-noscript robots-nocontent\">Deze slideshow vereist JavaScript.<\/p><div id=\"gallery-842-1-slideshow\" class=\"jetpack-slideshow-window jetpack-slideshow jetpack-slideshow-black\" data-trans=\"fade\" data-autostart=\"1\" data-gallery=\"[{&quot;src&quot;:&quot;https:\\\/\\\/i0.wp.com\\\/margreetmarkerink.com\\\/wp-content\\\/uploads\\\/2019\\\/11\\\/IMG_7753-scaled.jpeg?resize=450%2C250\\u0026ssl=1&quot;,&quot;id&quot;:&quot;1453&quot;,&quot;title&quot;:&quot;De Moed om te vertrekken_03&quot;,&quot;alt&quot;:&quot;&quot;,&quot;caption&quot;:&quot;&quot;,&quot;itemprop&quot;:&quot;image&quot;},{&quot;src&quot;:&quot;https:\\\/\\\/i0.wp.com\\\/margreetmarkerink.com\\\/wp-content\\\/uploads\\\/2019\\\/11\\\/IMG_7749-1-scaled.jpeg?resize=450%2C250\\u0026ssl=1&quot;,&quot;id&quot;:&quot;1452&quot;,&quot;title&quot;:&quot;De Moed om te vertrekken_02&quot;,&quot;alt&quot;:&quot;&quot;,&quot;caption&quot;:&quot;&quot;,&quot;itemprop&quot;:&quot;image&quot;},{&quot;src&quot;:&quot;https:\\\/\\\/i0.wp.com\\\/margreetmarkerink.com\\\/wp-content\\\/uploads\\\/2019\\\/11\\\/IMG_7747-scaled.jpg?resize=450%2C250\\u0026ssl=1&quot;,&quot;id&quot;:&quot;1451&quot;,&quot;title&quot;:&quot;De Moed om te vertrekken_01&quot;,&quot;alt&quot;:&quot;&quot;,&quot;caption&quot;:&quot;&quot;,&quot;itemprop&quot;:&quot;image&quot;}]\" itemscope itemtype=\"https:\/\/schema.org\/ImageGallery\"><\/div>\n<p>Con traducciones propias de una selecci\u00f3n de los cientos de tangos escritos desde entonces, el actor \/ cantante Kees Scholten, el compositor \/ pianista Margreet Markerink y el violinista Emmy Storms lo llevan a un mundo de bares en el puerto, cuarteles de alquiler, burdeles y el alma de las personas. que tienen el coraje de irse.<\/p>\n<figure class=\"wp-block-embed wp-block-embed-youtube is-type-video is-provider-youtube epyt-figure\"><div class=\"wp-block-embed__wrapper\"><iframe loading=\"lazy\"  id=\"_ytid_30466\"  width=\"720\" height=\"405\"  data-origwidth=\"720\" data-origheight=\"405\" src=\"https:\/\/www.youtube.com\/embed\/tofh-x83ZQo?enablejsapi=1&origin=https:\/\/margreetmarkerink.com&autoplay=0&cc_load_policy=0&cc_lang_pref=&iv_load_policy=1&loop=0&rel=0&fs=1&playsinline=0&autohide=1&theme=light&color=red&controls=0&disablekb=0&\" class=\"__youtube_prefs__  no-lazyload\" title=\"Reproductor de YouTube\"  allow=\"fullscreen; accelerometer; autoplay; clipboard-write; encrypted-media; gyroscope; picture-in-picture; web-share\" referrerpolicy=\"strict-origin-when-cross-origin\" allowfullscreen data-no-lazy=\"1\" data-skipgform_ajax_framebjll=\"\"><\/iframe><\/div><\/figure>\n<p><strong>Cr\u00e9ditos<\/strong><br \/>\n<em>Voz \/ reproducci\u00f3n y #8211; Kees Scholten<br \/>\nPiano y #8211; Margreet Markerink<br \/>\n<\/em><em>Viol\u00edn - Emmy Storms (o Gustavo Cabrera)<\/em><\/p>\n<p><em>Traducciones e historia &amp; #8211; Kees Scholten<br \/>\nM\u00fasica y #8211; Margreet Markerink, Anibal Troilo, Edgardo Donato, Astor Piazzolla<\/em><\/p>\n<p>\u00bfQuieres saber cu\u00e1ndo tocamos este espect\u00e1culo? <a href=\"http:\/\/margreetmarkerink.com\/es\/optredens\/\">haga clic aqu\u00ed<\/a>.<\/p>","protected":false},"excerpt":{"rendered":"<p>DE MOED OM TE VERTREKKEN Vurig, passioneel en met humor gebracht. Ruim honderd jaar geleden zochten miljoenen Europeanen hun heil aan de oevers van de Rio de la Plata.\u00a0De confrontatie met de aanwezige bevolking en cultuur leverde een nieuwe muziek en dansvorm op:\u00a0de Tango. Met eigen vertalingen van een selectie van de honderden tango&#8217;s die [&hellip;]<\/p>","protected":false},"author":3,"featured_media":0,"parent":0,"menu_order":0,"comment_status":"closed","ping_status":"closed","template":"","meta":{"jetpack_post_was_ever_published":false,"footnotes":""},"class_list":["post-842","page","type-page","status-publish","hentry"],"yoast_head":"<!-- This site is optimized with the Yoast SEO plugin v27.3 - https:\/\/yoast.com\/product\/yoast-seo-wordpress\/ -->\n<title>De Moed om te Vertrekken - Margreet Markerink<\/title>\n<meta name=\"description\" content=\"Kees Scholten en Margreet Markerinkspelen en zingen een programma overhet immer actuele thema van het vertrek.Vurig en passioneel, maar ook met humor gebracht.\" \/>\n<meta name=\"robots\" content=\"index, follow, max-snippet:-1, max-image-preview:large, max-video-preview:-1\" \/>\n<link rel=\"canonical\" href=\"https:\/\/margreetmarkerink.com\/nl\/de-moed-om-te-vertrekken\/\" \/>\n<meta property=\"og:locale\" content=\"nl_NL\" \/>\n<meta property=\"og:type\" content=\"article\" \/>\n<meta property=\"og:title\" content=\"De Moed om te Vertrekken - Margreet Markerink\" \/>\n<meta property=\"og:description\" content=\"Kees Scholten en Margreet Markerinkspelen en zingen een programma overhet immer actuele thema van het vertrek.Vurig en passioneel, maar ook met humor gebracht.\" \/>\n<meta property=\"og:url\" content=\"https:\/\/margreetmarkerink.com\/nl\/de-moed-om-te-vertrekken\/\" \/>\n<meta property=\"og:site_name\" content=\"Margreet Markerink\" \/>\n<meta property=\"article:modified_time\" content=\"2019-11-28T14:25:20+00:00\" \/>\n<meta property=\"og:image\" content=\"https:\/\/margreetmarkerink.com\/wp-content\/uploads\/2019\/10\/Kees-Margreet-en-Emmy-300x212.jpg\" \/>\n<meta name=\"twitter:card\" content=\"summary_large_image\" \/>\n<meta name=\"twitter:label1\" content=\"Geschatte leestijd\" \/>\n\t<meta name=\"twitter:data1\" content=\"1 minuut\" \/>\n<script type=\"application\/ld+json\" class=\"yoast-schema-graph\">{\"@context\":\"https:\\\/\\\/schema.org\",\"@graph\":[{\"@type\":\"WebPage\",\"@id\":\"https:\\\/\\\/margreetmarkerink.com\\\/nl\\\/de-moed-om-te-vertrekken\\\/\",\"url\":\"https:\\\/\\\/margreetmarkerink.com\\\/nl\\\/de-moed-om-te-vertrekken\\\/\",\"name\":\"De Moed om te Vertrekken - Margreet Markerink\",\"isPartOf\":{\"@id\":\"https:\\\/\\\/margreetmarkerink.com\\\/nl\\\/#website\"},\"primaryImageOfPage\":{\"@id\":\"https:\\\/\\\/margreetmarkerink.com\\\/nl\\\/de-moed-om-te-vertrekken\\\/#primaryimage\"},\"image\":{\"@id\":\"https:\\\/\\\/margreetmarkerink.com\\\/nl\\\/de-moed-om-te-vertrekken\\\/#primaryimage\"},\"thumbnailUrl\":\"https:\\\/\\\/margreetmarkerink.com\\\/wp-content\\\/uploads\\\/2019\\\/10\\\/Kees-Margreet-en-Emmy-300x212.jpg\",\"datePublished\":\"2018-05-17T16:32:26+00:00\",\"dateModified\":\"2019-11-28T14:25:20+00:00\",\"description\":\"Kees Scholten en Margreet Markerinkspelen en zingen een programma overhet immer actuele thema van het vertrek.Vurig en passioneel, maar ook met humor gebracht.\",\"breadcrumb\":{\"@id\":\"https:\\\/\\\/margreetmarkerink.com\\\/nl\\\/de-moed-om-te-vertrekken\\\/#breadcrumb\"},\"inLanguage\":\"nl-NL\",\"potentialAction\":[{\"@type\":\"ReadAction\",\"target\":[\"https:\\\/\\\/margreetmarkerink.com\\\/nl\\\/de-moed-om-te-vertrekken\\\/\"]}]},{\"@type\":\"ImageObject\",\"inLanguage\":\"nl-NL\",\"@id\":\"https:\\\/\\\/margreetmarkerink.com\\\/nl\\\/de-moed-om-te-vertrekken\\\/#primaryimage\",\"url\":\"https:\\\/\\\/margreetmarkerink.com\\\/wp-content\\\/uploads\\\/2019\\\/10\\\/Kees-Margreet-en-Emmy-300x212.jpg\",\"contentUrl\":\"https:\\\/\\\/margreetmarkerink.com\\\/wp-content\\\/uploads\\\/2019\\\/10\\\/Kees-Margreet-en-Emmy-300x212.jpg\"},{\"@type\":\"BreadcrumbList\",\"@id\":\"https:\\\/\\\/margreetmarkerink.com\\\/nl\\\/de-moed-om-te-vertrekken\\\/#breadcrumb\",\"itemListElement\":[{\"@type\":\"ListItem\",\"position\":1,\"name\":\"Home\",\"item\":\"https:\\\/\\\/margreetmarkerink.com\\\/\"},{\"@type\":\"ListItem\",\"position\":2,\"name\":\"De Moed om te Vertrekken\"}]},{\"@type\":\"WebSite\",\"@id\":\"https:\\\/\\\/margreetmarkerink.com\\\/nl\\\/#website\",\"url\":\"https:\\\/\\\/margreetmarkerink.com\\\/nl\\\/\",\"name\":\"Margreet Markerink\",\"description\":\"piano composition\",\"potentialAction\":[{\"@type\":\"SearchAction\",\"target\":{\"@type\":\"EntryPoint\",\"urlTemplate\":\"https:\\\/\\\/margreetmarkerink.com\\\/nl\\\/?s={search_term_string}\"},\"query-input\":{\"@type\":\"PropertyValueSpecification\",\"valueRequired\":true,\"valueName\":\"search_term_string\"}}],\"inLanguage\":\"nl-NL\"}]}<\/script>\n<!-- \/ Yoast SEO plugin. -->","yoast_head_json":{"title":"De Moed om te Vertrekken - Margreet Markerink","description":"Kees Scholten en Margreet Markerinkspelen en zingen een programma overhet immer actuele thema van het vertrek.Vurig en passioneel, maar ook met humor gebracht.","robots":{"index":"index","follow":"follow","max-snippet":"max-snippet:-1","max-image-preview":"max-image-preview:large","max-video-preview":"max-video-preview:-1"},"canonical":"https:\/\/margreetmarkerink.com\/nl\/de-moed-om-te-vertrekken\/","og_locale":"nl_NL","og_type":"article","og_title":"De Moed om te Vertrekken - Margreet Markerink","og_description":"Kees Scholten en Margreet Markerinkspelen en zingen een programma overhet immer actuele thema van het vertrek.Vurig en passioneel, maar ook met humor gebracht.","og_url":"https:\/\/margreetmarkerink.com\/nl\/de-moed-om-te-vertrekken\/","og_site_name":"Margreet Markerink","article_modified_time":"2019-11-28T14:25:20+00:00","og_image":[{"url":"https:\/\/margreetmarkerink.com\/wp-content\/uploads\/2019\/10\/Kees-Margreet-en-Emmy-300x212.jpg","type":"","width":"","height":""}],"twitter_card":"summary_large_image","twitter_misc":{"Geschatte leestijd":"1 minuut"},"schema":{"@context":"https:\/\/schema.org","@graph":[{"@type":"WebPage","@id":"https:\/\/margreetmarkerink.com\/nl\/de-moed-om-te-vertrekken\/","url":"https:\/\/margreetmarkerink.com\/nl\/de-moed-om-te-vertrekken\/","name":"De Moed om te Vertrekken - Margreet Markerink","isPartOf":{"@id":"https:\/\/margreetmarkerink.com\/nl\/#website"},"primaryImageOfPage":{"@id":"https:\/\/margreetmarkerink.com\/nl\/de-moed-om-te-vertrekken\/#primaryimage"},"image":{"@id":"https:\/\/margreetmarkerink.com\/nl\/de-moed-om-te-vertrekken\/#primaryimage"},"thumbnailUrl":"https:\/\/margreetmarkerink.com\/wp-content\/uploads\/2019\/10\/Kees-Margreet-en-Emmy-300x212.jpg","datePublished":"2018-05-17T16:32:26+00:00","dateModified":"2019-11-28T14:25:20+00:00","description":"Kees Scholten en Margreet Markerinkspelen en zingen een programma overhet immer actuele thema van het vertrek.Vurig en passioneel, maar ook met humor gebracht.","breadcrumb":{"@id":"https:\/\/margreetmarkerink.com\/nl\/de-moed-om-te-vertrekken\/#breadcrumb"},"inLanguage":"nl-NL","potentialAction":[{"@type":"ReadAction","target":["https:\/\/margreetmarkerink.com\/nl\/de-moed-om-te-vertrekken\/"]}]},{"@type":"ImageObject","inLanguage":"nl-NL","@id":"https:\/\/margreetmarkerink.com\/nl\/de-moed-om-te-vertrekken\/#primaryimage","url":"https:\/\/margreetmarkerink.com\/wp-content\/uploads\/2019\/10\/Kees-Margreet-en-Emmy-300x212.jpg","contentUrl":"https:\/\/margreetmarkerink.com\/wp-content\/uploads\/2019\/10\/Kees-Margreet-en-Emmy-300x212.jpg"},{"@type":"BreadcrumbList","@id":"https:\/\/margreetmarkerink.com\/nl\/de-moed-om-te-vertrekken\/#breadcrumb","itemListElement":[{"@type":"ListItem","position":1,"name":"Home","item":"https:\/\/margreetmarkerink.com\/"},{"@type":"ListItem","position":2,"name":"De Moed om te Vertrekken"}]},{"@type":"WebSite","@id":"https:\/\/margreetmarkerink.com\/nl\/#website","url":"https:\/\/margreetmarkerink.com\/nl\/","name":"Margreet Markerink","description":"piano composition","potentialAction":[{"@type":"SearchAction","target":{"@type":"EntryPoint","urlTemplate":"https:\/\/margreetmarkerink.com\/nl\/?s={search_term_string}"},"query-input":{"@type":"PropertyValueSpecification","valueRequired":true,"valueName":"search_term_string"}}],"inLanguage":"nl-NL"}]}},"jetpack_sharing_enabled":true,"jetpack_shortlink":"https:\/\/wp.me\/P7CBUG-dA","jetpack-related-posts":[],"_links":{"self":[{"href":"https:\/\/margreetmarkerink.com\/es\/wp-json\/wp\/v2\/pages\/842","targetHints":{"allow":["GET"]}}],"collection":[{"href":"https:\/\/margreetmarkerink.com\/es\/wp-json\/wp\/v2\/pages"}],"about":[{"href":"https:\/\/margreetmarkerink.com\/es\/wp-json\/wp\/v2\/types\/page"}],"author":[{"embeddable":true,"href":"https:\/\/margreetmarkerink.com\/es\/wp-json\/wp\/v2\/users\/3"}],"replies":[{"embeddable":true,"href":"https:\/\/margreetmarkerink.com\/es\/wp-json\/wp\/v2\/comments?post=842"}],"version-history":[{"count":18,"href":"https:\/\/margreetmarkerink.com\/es\/wp-json\/wp\/v2\/pages\/842\/revisions"}],"predecessor-version":[{"id":1458,"href":"https:\/\/margreetmarkerink.com\/es\/wp-json\/wp\/v2\/pages\/842\/revisions\/1458"}],"wp:attachment":[{"href":"https:\/\/margreetmarkerink.com\/es\/wp-json\/wp\/v2\/media?parent=842"}],"curies":[{"name":"wp","href":"https:\/\/api.w.org\/{rel}","templated":true}]}}