{"id":847,"date":"2018-05-17T16:40:57","date_gmt":"2018-05-17T16:40:57","guid":{"rendered":"https:\/\/margreetmarkerink.com\/?page_id=847"},"modified":"2021-11-18T08:52:03","modified_gmt":"2021-11-18T08:52:03","slug":"tangata","status":"publish","type":"page","link":"https:\/\/margreetmarkerink.com\/es\/tangata\/","title":{"rendered":"Tangata"},"content":{"rendered":"<h5><figure class=\"wp-block-embed wp-block-embed-youtube is-type-video is-provider-youtube epyt-figure\"><div class=\"wp-block-embed__wrapper\"><iframe loading=\"lazy\"  id=\"_ytid_86257\"  width=\"720\" height=\"405\"  data-origwidth=\"720\" data-origheight=\"405\" src=\"https:\/\/www.youtube.com\/embed\/KFW2NEjvLzk?enablejsapi=1&origin=https:\/\/margreetmarkerink.com&autoplay=0&cc_load_policy=0&cc_lang_pref=&iv_load_policy=1&loop=0&rel=0&fs=1&playsinline=0&autohide=1&theme=light&color=red&controls=0&disablekb=0&\" class=\"__youtube_prefs__  no-lazyload\" title=\"Reproductor de YouTube\"  allow=\"fullscreen; accelerometer; autoplay; clipboard-write; encrypted-media; gyroscope; picture-in-picture; web-share\" referrerpolicy=\"strict-origin-when-cross-origin\" allowfullscreen data-no-lazy=\"1\" data-skipgform_ajax_framebjll=\"\"><\/iframe><\/div><\/figure><\/h5>\n<p class=\"title style-scope ytd-video-primary-info-renderer\"><em>Optreden Trio Tangata met Gustavo Cabrera en Kees Scholten in Vredenburg Utrecht NL nov 2021<\/em><\/p>\n<h5>Tangata trae m\u00fasica llena de pasi\u00f3n. Profesional, con mucha experiencia, chispeante y joven. La nostalgia, la melancol\u00eda, pero tambi\u00e9n los ritmos exuberantes y de conducci\u00f3n hacen de Tangata un fest\u00edn para sus o\u00eddos, ojos y sensaciones.<\/h5>\n<figure id=\"attachment_1163\" aria-describedby=\"caption-attachment-1163\" style=\"width: 500px\" class=\"wp-caption alignnone\"><a href=\"https:\/\/i0.wp.com\/margreetmarkerink.com\/wp-content\/uploads\/2019\/03\/2019-03-18_Tangata.jpg?ssl=1\"><img data-recalc-dims=\"1\" loading=\"lazy\" decoding=\"async\" data-attachment-id=\"1163\" data-permalink=\"https:\/\/margreetmarkerink.com\/es\/tangata\/2019-03-18_tangata\/\" data-orig-file=\"https:\/\/i0.wp.com\/margreetmarkerink.com\/wp-content\/uploads\/2019\/03\/2019-03-18_Tangata.jpg?fit=960%2C638&amp;ssl=1\" data-orig-size=\"960,638\" data-comments-opened=\"1\" data-image-meta=\"{&quot;aperture&quot;:&quot;0&quot;,&quot;credit&quot;:&quot;&quot;,&quot;camera&quot;:&quot;&quot;,&quot;caption&quot;:&quot;&quot;,&quot;created_timestamp&quot;:&quot;0&quot;,&quot;copyright&quot;:&quot;&quot;,&quot;focal_length&quot;:&quot;0&quot;,&quot;iso&quot;:&quot;0&quot;,&quot;shutter_speed&quot;:&quot;0&quot;,&quot;title&quot;:&quot;&quot;,&quot;orientation&quot;:&quot;0&quot;}\" data-image-title=\"2019-03-18_Tangata\" data-image-description=\"&lt;p&gt;Jacqueline Edeling, Boris Franz, Jeannine Geerts, Andrea Karina Bentivoglio en Margreet Markerink&lt;\/p&gt;\" data-image-caption=\"&lt;p&gt;Jacqueline Edeling, Boris Franz, Jeannine Geerts, Andrea Karina Bentivoglio en Margreet Markerink&lt;\/p&gt;\" data-large-file=\"https:\/\/i0.wp.com\/margreetmarkerink.com\/wp-content\/uploads\/2019\/03\/2019-03-18_Tangata.jpg?fit=720%2C479&amp;ssl=1\" class=\"wp-image-1163\" src=\"https:\/\/i0.wp.com\/margreetmarkerink.com\/wp-content\/uploads\/2019\/03\/2019-03-18_Tangata.jpg?resize=500%2C332&#038;ssl=1\" alt=\"\" width=\"500\" height=\"332\" srcset=\"https:\/\/i0.wp.com\/margreetmarkerink.com\/wp-content\/uploads\/2019\/03\/2019-03-18_Tangata.jpg?resize=300%2C199&amp;ssl=1 300w, https:\/\/i0.wp.com\/margreetmarkerink.com\/wp-content\/uploads\/2019\/03\/2019-03-18_Tangata.jpg?resize=768%2C510&amp;ssl=1 768w, https:\/\/i0.wp.com\/margreetmarkerink.com\/wp-content\/uploads\/2019\/03\/2019-03-18_Tangata.jpg?resize=640%2C425&amp;ssl=1 640w, https:\/\/i0.wp.com\/margreetmarkerink.com\/wp-content\/uploads\/2019\/03\/2019-03-18_Tangata.jpg?w=960&amp;ssl=1 960w\" sizes=\"auto, (max-width: 500px) 100vw, 500px\" \/><\/a><figcaption id=\"caption-attachment-1163\" class=\"wp-caption-text\"><em>de izquierda a derecha Jacqueline Edeling, Boris Franz, Jeannine Geerts, Andrea Karina Bentivoglio y Margreet Markerink<\/em><\/figcaption><\/figure>\n<p>Tangata juega en ocupaciones peque\u00f1as o m\u00e1s grandes. La base consiste en Jacqueline Edeling (bandon\u00e9on), Margreet Markerink (piano) y en el contrabajo Boris Franz o Suze Stiphout.<br \/>\nLa violinista argentina Andrea Bentivoglio a menudo complementa Tangata.<br \/>\nLa colaboraci\u00f3n con la cantante Jeannine Geerts le da a sus actuaciones un color extra.<\/p>\n<p><a href=\"https:\/\/i0.wp.com\/margreetmarkerink.com\/wp-content\/uploads\/2016\/06\/WJS_7791.jpg?ssl=1\"><img data-recalc-dims=\"1\" loading=\"lazy\" decoding=\"async\" data-attachment-id=\"261\" data-permalink=\"https:\/\/margreetmarkerink.com\/es\/photos\/wjs_7791\/\" data-orig-file=\"https:\/\/i0.wp.com\/margreetmarkerink.com\/wp-content\/uploads\/2016\/06\/WJS_7791.jpg?fit=%2C&amp;ssl=1\" data-orig-size=\"\" data-comments-opened=\"1\" data-image-meta=\"[]\" data-image-title=\"WJS_7791\" data-image-description=\"\" data-image-caption=\"&lt;p&gt;Cuarteto Tangata en Jeannine Geerts optreden &#039;Op Hodenpijl&#039; Schipluiden&lt;\/p&gt;\" data-large-file=\"https:\/\/i0.wp.com\/margreetmarkerink.com\/wp-content\/uploads\/2016\/06\/WJS_7791.jpg?fit=1024%2C1024&amp;ssl=1\" class=\"alignnone wp-image-261\" src=\"https:\/\/i0.wp.com\/margreetmarkerink.com\/wp-content\/uploads\/2016\/06\/WJS_7791.jpg?resize=500%2C333&#038;ssl=1\" alt=\"WJS_7791\" width=\"500\" height=\"333\" \/><\/a><\/p>\n<p>Para eventos especiales, Tangata trabaja junto con la pareja de baile de renombre internacional Carlos y Mirella.<\/p>\n<p><a href=\"https:\/\/i0.wp.com\/margreetmarkerink.com\/wp-content\/uploads\/2018\/05\/Carlos_en_Mirella_Tango.jpg?ssl=1\"><img data-recalc-dims=\"1\" loading=\"lazy\" decoding=\"async\" data-attachment-id=\"848\" data-permalink=\"https:\/\/margreetmarkerink.com\/es\/tangata\/carlos_en_mirella_tango\/\" data-orig-file=\"https:\/\/i0.wp.com\/margreetmarkerink.com\/wp-content\/uploads\/2018\/05\/Carlos_en_Mirella_Tango.jpg?fit=630%2C250&amp;ssl=1\" data-orig-size=\"630,250\" data-comments-opened=\"1\" data-image-meta=\"{&quot;aperture&quot;:&quot;0&quot;,&quot;credit&quot;:&quot;&quot;,&quot;camera&quot;:&quot;&quot;,&quot;caption&quot;:&quot;&quot;,&quot;created_timestamp&quot;:&quot;0&quot;,&quot;copyright&quot;:&quot;&quot;,&quot;focal_length&quot;:&quot;0&quot;,&quot;iso&quot;:&quot;0&quot;,&quot;shutter_speed&quot;:&quot;0&quot;,&quot;title&quot;:&quot;&quot;,&quot;orientation&quot;:&quot;0&quot;}\" data-image-title=\"Carlos_en_Mirella_Tango\" data-image-description=\"\" data-image-caption=\"\" data-large-file=\"https:\/\/i0.wp.com\/margreetmarkerink.com\/wp-content\/uploads\/2018\/05\/Carlos_en_Mirella_Tango.jpg?fit=630%2C250&amp;ssl=1\" class=\"alignnone wp-image-848\" src=\"https:\/\/i0.wp.com\/margreetmarkerink.com\/wp-content\/uploads\/2018\/05\/Carlos_en_Mirella_Tango.jpg?resize=500%2C198&#038;ssl=1\" alt=\"\" width=\"500\" height=\"198\" srcset=\"https:\/\/i0.wp.com\/margreetmarkerink.com\/wp-content\/uploads\/2018\/05\/Carlos_en_Mirella_Tango.jpg?resize=300%2C119&amp;ssl=1 300w, https:\/\/i0.wp.com\/margreetmarkerink.com\/wp-content\/uploads\/2018\/05\/Carlos_en_Mirella_Tango.jpg?w=630&amp;ssl=1 630w\" sizes=\"auto, (max-width: 500px) 100vw, 500px\" \/><\/a><\/p>\n<p>Tangata ya ha jugado en muchos escenarios. Festivales y salas de conciertos en Toscana, Finlandia, Estambul, Granada y Buenos Aires. Incluso peque\u00f1os lugares en lugares especiales y conciertos \u00edntimos en la sala de estar.<\/p>\n<p>Tangata hizo tres CD.<br \/>\n<em><a href=\"https:\/\/margreetmarkerink.com\/es\/music\/trio-tangata-encuentros\/\">&amp; #8220; Encuentros &amp; #8221;<\/a><\/em> (2016) con la cantante Jeannine Geerts.<br \/>\n<em><a href=\"https:\/\/margreetmarkerink.com\/es\/music\/historias-del-sur\/\">&quot;Historias del Sur&quot;<\/a><\/em> con el cantante Jos\u00e9 Rivero (Argentina), la cantante Lilian Vieira (Brasil) y la bajista Adinda Meertins<br \/>\n<em><a href=\"https:\/\/margreetmarkerink.com\/es\/music\/mis-cosas-favoritas\/\">&amp; #8220; Mis cosas favoritas &amp; #8221;<\/a><\/em> con el cantante Jos\u00e9 Rivero apareci\u00f3 antes.<\/p>\n<p>Para m\u00e1s informaci\u00f3n <a href=\"http:\/\/www.triotangata.nl\/\" target=\"_blank\" rel=\"noopener noreferrer\">haga clic aqu\u00ed<\/a>y ver el sitio web de Tangata.<\/p>\n<p>Para nuestra agenda <a href=\"http:\/\/margreetmarkerink.com\/es\/optredens\/\">haga clic aqu\u00ed<\/a>.<\/p>","protected":false},"excerpt":{"rendered":"<p>Optreden Trio Tangata met Gustavo Cabrera en Kees Scholten in Vredenburg Utrecht NL nov 2021 Tangata brengt muziek vol passie. Professioneel, met veel ervaring, sprankelend en jong. Weemoed, melancholie, maar ook uitbundige en stuwende ritmes maken Tangata een feest voor uw oor, oog en gevoel. Tangata speelt in kleine of grotere bezetting. De basis bestaat [&hellip;]<\/p>","protected":false},"author":3,"featured_media":0,"parent":0,"menu_order":0,"comment_status":"closed","ping_status":"closed","template":"","meta":{"jetpack_post_was_ever_published":false,"footnotes":""},"class_list":["post-847","page","type-page","status-publish","hentry"],"yoast_head":"<!-- This site is optimized with the Yoast SEO plugin v27.4 - https:\/\/yoast.com\/product\/yoast-seo-wordpress\/ -->\n<title>Tangata - Margreet Markerink<\/title>\n<meta name=\"description\" content=\"TANGATA BRENGT MUZIEK VOL PASSIE. PROFESSIONEEL, MET VEEL ERVARING, SPRANKELEND EN JONG. WEEMOED, MELANCHOLIE, MAAR OOK UITBUNDIGE EN STUWENDE RITMES MAKEN TANGATA EEN FEEST VOOR UW OOR, OOG EN GEVOEL.\" \/>\n<meta name=\"robots\" content=\"index, follow, max-snippet:-1, max-image-preview:large, max-video-preview:-1\" \/>\n<link rel=\"canonical\" href=\"https:\/\/margreetmarkerink.com\/tangata\/\" \/>\n<meta property=\"og:locale\" content=\"nl_NL\" \/>\n<meta property=\"og:type\" content=\"article\" \/>\n<meta property=\"og:title\" content=\"Tangata - Margreet Markerink\" \/>\n<meta property=\"og:description\" content=\"TANGATA BRENGT MUZIEK VOL PASSIE. PROFESSIONEEL, MET VEEL ERVARING, SPRANKELEND EN JONG. WEEMOED, MELANCHOLIE, MAAR OOK UITBUNDIGE EN STUWENDE RITMES MAKEN TANGATA EEN FEEST VOOR UW OOR, OOG EN GEVOEL.\" \/>\n<meta property=\"og:url\" content=\"https:\/\/margreetmarkerink.com\/tangata\/\" \/>\n<meta property=\"og:site_name\" content=\"Margreet Markerink\" \/>\n<meta property=\"article:modified_time\" content=\"2021-11-18T08:52:03+00:00\" \/>\n<meta property=\"og:image\" content=\"https:\/\/margreetmarkerink.com\/wp-content\/uploads\/2019\/03\/2019-03-18_Tangata-300x199.jpg\" \/>\n<meta name=\"twitter:card\" content=\"summary_large_image\" \/>\n<meta name=\"twitter:label1\" content=\"Geschatte leestijd\" \/>\n\t<meta name=\"twitter:data1\" content=\"2 minuten\" \/>\n<script type=\"application\/ld+json\" class=\"yoast-schema-graph\">{\"@context\":\"https:\\\/\\\/schema.org\",\"@graph\":[{\"@type\":\"WebPage\",\"@id\":\"https:\\\/\\\/margreetmarkerink.com\\\/tangata\\\/\",\"url\":\"https:\\\/\\\/margreetmarkerink.com\\\/tangata\\\/\",\"name\":\"Tangata - Margreet Markerink\",\"isPartOf\":{\"@id\":\"https:\\\/\\\/margreetmarkerink.com\\\/nl\\\/#website\"},\"primaryImageOfPage\":{\"@id\":\"https:\\\/\\\/margreetmarkerink.com\\\/tangata\\\/#primaryimage\"},\"image\":{\"@id\":\"https:\\\/\\\/margreetmarkerink.com\\\/tangata\\\/#primaryimage\"},\"thumbnailUrl\":\"https:\\\/\\\/margreetmarkerink.com\\\/wp-content\\\/uploads\\\/2019\\\/03\\\/2019-03-18_Tangata-300x199.jpg\",\"datePublished\":\"2018-05-17T16:40:57+00:00\",\"dateModified\":\"2021-11-18T08:52:03+00:00\",\"description\":\"TANGATA BRENGT MUZIEK VOL PASSIE. PROFESSIONEEL, MET VEEL ERVARING, SPRANKELEND EN JONG. WEEMOED, MELANCHOLIE, MAAR OOK UITBUNDIGE EN STUWENDE RITMES MAKEN TANGATA EEN FEEST VOOR UW OOR, OOG EN GEVOEL.\",\"breadcrumb\":{\"@id\":\"https:\\\/\\\/margreetmarkerink.com\\\/tangata\\\/#breadcrumb\"},\"inLanguage\":\"nl-NL\",\"potentialAction\":[{\"@type\":\"ReadAction\",\"target\":[\"https:\\\/\\\/margreetmarkerink.com\\\/tangata\\\/\"]}]},{\"@type\":\"ImageObject\",\"inLanguage\":\"nl-NL\",\"@id\":\"https:\\\/\\\/margreetmarkerink.com\\\/tangata\\\/#primaryimage\",\"url\":\"https:\\\/\\\/margreetmarkerink.com\\\/wp-content\\\/uploads\\\/2019\\\/03\\\/2019-03-18_Tangata-300x199.jpg\",\"contentUrl\":\"https:\\\/\\\/margreetmarkerink.com\\\/wp-content\\\/uploads\\\/2019\\\/03\\\/2019-03-18_Tangata-300x199.jpg\"},{\"@type\":\"BreadcrumbList\",\"@id\":\"https:\\\/\\\/margreetmarkerink.com\\\/tangata\\\/#breadcrumb\",\"itemListElement\":[{\"@type\":\"ListItem\",\"position\":1,\"name\":\"Home\",\"item\":\"https:\\\/\\\/margreetmarkerink.com\\\/\"},{\"@type\":\"ListItem\",\"position\":2,\"name\":\"Tangata\"}]},{\"@type\":\"WebSite\",\"@id\":\"https:\\\/\\\/margreetmarkerink.com\\\/nl\\\/#website\",\"url\":\"https:\\\/\\\/margreetmarkerink.com\\\/nl\\\/\",\"name\":\"Margreet Markerink\",\"description\":\"piano composition\",\"potentialAction\":[{\"@type\":\"SearchAction\",\"target\":{\"@type\":\"EntryPoint\",\"urlTemplate\":\"https:\\\/\\\/margreetmarkerink.com\\\/nl\\\/?s={search_term_string}\"},\"query-input\":{\"@type\":\"PropertyValueSpecification\",\"valueRequired\":true,\"valueName\":\"search_term_string\"}}],\"inLanguage\":\"nl-NL\"}]}<\/script>\n<!-- \/ Yoast SEO plugin. -->","yoast_head_json":{"title":"Tangata - Margreet Markerink","description":"TANGATA BRENGT MUZIEK VOL PASSIE. PROFESSIONEEL, MET VEEL ERVARING, SPRANKELEND EN JONG. WEEMOED, MELANCHOLIE, MAAR OOK UITBUNDIGE EN STUWENDE RITMES MAKEN TANGATA EEN FEEST VOOR UW OOR, OOG EN GEVOEL.","robots":{"index":"index","follow":"follow","max-snippet":"max-snippet:-1","max-image-preview":"max-image-preview:large","max-video-preview":"max-video-preview:-1"},"canonical":"https:\/\/margreetmarkerink.com\/tangata\/","og_locale":"nl_NL","og_type":"article","og_title":"Tangata - Margreet Markerink","og_description":"TANGATA BRENGT MUZIEK VOL PASSIE. PROFESSIONEEL, MET VEEL ERVARING, SPRANKELEND EN JONG. WEEMOED, MELANCHOLIE, MAAR OOK UITBUNDIGE EN STUWENDE RITMES MAKEN TANGATA EEN FEEST VOOR UW OOR, OOG EN GEVOEL.","og_url":"https:\/\/margreetmarkerink.com\/tangata\/","og_site_name":"Margreet Markerink","article_modified_time":"2021-11-18T08:52:03+00:00","og_image":[{"url":"https:\/\/margreetmarkerink.com\/wp-content\/uploads\/2019\/03\/2019-03-18_Tangata-300x199.jpg","type":"","width":"","height":""}],"twitter_card":"summary_large_image","twitter_misc":{"Geschatte leestijd":"2 minuten"},"schema":{"@context":"https:\/\/schema.org","@graph":[{"@type":"WebPage","@id":"https:\/\/margreetmarkerink.com\/tangata\/","url":"https:\/\/margreetmarkerink.com\/tangata\/","name":"Tangata - Margreet Markerink","isPartOf":{"@id":"https:\/\/margreetmarkerink.com\/nl\/#website"},"primaryImageOfPage":{"@id":"https:\/\/margreetmarkerink.com\/tangata\/#primaryimage"},"image":{"@id":"https:\/\/margreetmarkerink.com\/tangata\/#primaryimage"},"thumbnailUrl":"https:\/\/margreetmarkerink.com\/wp-content\/uploads\/2019\/03\/2019-03-18_Tangata-300x199.jpg","datePublished":"2018-05-17T16:40:57+00:00","dateModified":"2021-11-18T08:52:03+00:00","description":"TANGATA BRENGT MUZIEK VOL PASSIE. PROFESSIONEEL, MET VEEL ERVARING, SPRANKELEND EN JONG. WEEMOED, MELANCHOLIE, MAAR OOK UITBUNDIGE EN STUWENDE RITMES MAKEN TANGATA EEN FEEST VOOR UW OOR, OOG EN GEVOEL.","breadcrumb":{"@id":"https:\/\/margreetmarkerink.com\/tangata\/#breadcrumb"},"inLanguage":"nl-NL","potentialAction":[{"@type":"ReadAction","target":["https:\/\/margreetmarkerink.com\/tangata\/"]}]},{"@type":"ImageObject","inLanguage":"nl-NL","@id":"https:\/\/margreetmarkerink.com\/tangata\/#primaryimage","url":"https:\/\/margreetmarkerink.com\/wp-content\/uploads\/2019\/03\/2019-03-18_Tangata-300x199.jpg","contentUrl":"https:\/\/margreetmarkerink.com\/wp-content\/uploads\/2019\/03\/2019-03-18_Tangata-300x199.jpg"},{"@type":"BreadcrumbList","@id":"https:\/\/margreetmarkerink.com\/tangata\/#breadcrumb","itemListElement":[{"@type":"ListItem","position":1,"name":"Home","item":"https:\/\/margreetmarkerink.com\/"},{"@type":"ListItem","position":2,"name":"Tangata"}]},{"@type":"WebSite","@id":"https:\/\/margreetmarkerink.com\/nl\/#website","url":"https:\/\/margreetmarkerink.com\/nl\/","name":"Margreet Markerink","description":"piano composition","potentialAction":[{"@type":"SearchAction","target":{"@type":"EntryPoint","urlTemplate":"https:\/\/margreetmarkerink.com\/nl\/?s={search_term_string}"},"query-input":{"@type":"PropertyValueSpecification","valueRequired":true,"valueName":"search_term_string"}}],"inLanguage":"nl-NL"}]}},"jetpack_sharing_enabled":true,"jetpack_shortlink":"https:\/\/wp.me\/P7CBUG-dF","jetpack-related-posts":[],"_links":{"self":[{"href":"https:\/\/margreetmarkerink.com\/es\/wp-json\/wp\/v2\/pages\/847","targetHints":{"allow":["GET"]}}],"collection":[{"href":"https:\/\/margreetmarkerink.com\/es\/wp-json\/wp\/v2\/pages"}],"about":[{"href":"https:\/\/margreetmarkerink.com\/es\/wp-json\/wp\/v2\/types\/page"}],"author":[{"embeddable":true,"href":"https:\/\/margreetmarkerink.com\/es\/wp-json\/wp\/v2\/users\/3"}],"replies":[{"embeddable":true,"href":"https:\/\/margreetmarkerink.com\/es\/wp-json\/wp\/v2\/comments?post=847"}],"version-history":[{"count":16,"href":"https:\/\/margreetmarkerink.com\/es\/wp-json\/wp\/v2\/pages\/847\/revisions"}],"predecessor-version":[{"id":1730,"href":"https:\/\/margreetmarkerink.com\/es\/wp-json\/wp\/v2\/pages\/847\/revisions\/1730"}],"wp:attachment":[{"href":"https:\/\/margreetmarkerink.com\/es\/wp-json\/wp\/v2\/media?parent=847"}],"curies":[{"name":"wp","href":"https:\/\/api.w.org\/{rel}","templated":true}]}}